{"id":618,"date":"2024-06-24T08:40:27","date_gmt":"2024-06-24T08:40:27","guid":{"rendered":"https:\/\/rosademaig.com\/?page_id=618"},"modified":"2024-06-24T08:52:28","modified_gmt":"2024-06-24T08:52:28","slug":"rosa-de-maig","status":"publish","type":"page","link":"https:\/\/rosademaig.com\/","title":{"rendered":"rosa de maig"},"content":{"rendered":"<p>[et_pb_section fb_built=&#8221;1&#8243; _builder_version=&#8221;4.16&#8243; global_colors_info=&#8221;{}&#8221;][et_pb_row _builder_version=&#8221;4.16&#8243; custom_margin=&#8221;-30px||||false|false&#8221; custom_padding=&#8221;0px||||false|false&#8221; global_colors_info=&#8221;{}&#8221;][et_pb_column type=&#8221;4_4&#8243; _builder_version=&#8221;4.16&#8243; global_colors_info=&#8221;{}&#8221;][et_pb_text _builder_version=&#8221;4.25.2&#8243; text_font_size=&#8221;32px&#8221; hover_enabled=&#8221;0&#8243; global_colors_info=&#8221;{}&#8221; sticky_enabled=&#8221;0&#8243;]<\/p>\n<h2 class=\"et_pb_module_header et-fb-editable-element et-fb-editable-element__editing\" data-shortcode-id=\"0.0.0.0-1584122923479\" data-quickaccess-id=\"header\" contenteditable=\"true\">rosa de maig<\/h2>\n<p>[\/et_pb_text][\/et_pb_column][\/et_pb_row][et_pb_row _builder_version=&#8221;4.25.2&#8243; custom_margin=&#8221;-20px||||false|false&#8221; custom_padding=&#8221;0px||||false|false&#8221; global_colors_info=&#8221;{}&#8221;][et_pb_column type=&#8221;4_4&#8243; _builder_version=&#8221;4.16&#8243; global_colors_info=&#8221;{}&#8221;][et_pb_text _builder_version=&#8221;4.25.2&#8243; custom_padding=&#8221;2px|||||&#8221; hover_enabled=&#8221;0&#8243; global_colors_info=&#8221;{}&#8221; sticky_enabled=&#8221;0&#8243;]<\/p>\n<p class=\"fondo2\">Les <a href=\"https:\/\/rosademaig.com\/index.php\/artesanes\/\">artesanes<\/a> de l&#8217;<strong>Associaci\u00f3\u00a0Rosa de Maig <\/strong><span class=\"fondo2\">fem una <a href=\"https:\/\/rosademaig.com\/index.php\/fires-d-artesania\/\">fira mensual<\/a> en el barri de<strong><span>\u00a0<\/span>Sant Andreu de Palomar<\/strong><span>\u00a0<\/span>de Barcelona, a la <strong>pla\u00e7a del Comer\u00e7<\/strong> (<strong>pla\u00e7a del Rellotge<\/strong>)<\/span><\/p>\n<p>[\/et_pb_text][\/et_pb_column][\/et_pb_row][\/et_pb_section][et_pb_section fb_built=&#8221;1&#8243; fullwidth=&#8221;on&#8221; _builder_version=&#8221;4.16&#8243; global_colors_info=&#8221;{}&#8221;][et_pb_fullwidth_image src=&#8221;https:\/\/rosademaig.com\/wp-content\/uploads\/2024\/06\/portada5.jpg&#8221; title_text=&#8221;portada5&#8243; disabled_on=&#8221;on|off|off&#8221; _builder_version=&#8221;4.19.1&#8243; custom_margin=&#8221;-60px||||false|false&#8221; animation_style=&#8221;fade&#8221; animation_direction=&#8221;bottom&#8221; animation_duration=&#8221;700ms&#8221; global_colors_info=&#8221;{}&#8221;][\/et_pb_fullwidth_image][et_pb_fullwidth_image src=&#8221;https:\/\/rosademaig.com\/wp-content\/uploads\/2024\/06\/portadamobil.jpg&#8221; title_text=&#8221;portadamobil&#8221; disabled_on=&#8221;off|on|on&#8221; _builder_version=&#8221;4.19.1&#8243; custom_margin=&#8221;-60px||||false|false&#8221; animation_style=&#8221;fade&#8221; animation_direction=&#8221;bottom&#8221; animation_duration=&#8221;700ms&#8221; global_colors_info=&#8221;{}&#8221;][\/et_pb_fullwidth_image][\/et_pb_section]<\/p>\n","protected":false},"excerpt":{"rendered":"<p>rosa de maigLes artesanes de l&#8217;Associaci\u00f3\u00a0Rosa de Maig fem una fira mensual en el barri de\u00a0Sant Andreu de Palomar\u00a0de Barcelona, a la pla\u00e7a del Comer\u00e7 (pla\u00e7a del Rellotge)<\/p>\n","protected":false},"author":1,"featured_media":0,"parent":0,"menu_order":0,"comment_status":"closed","ping_status":"closed","template":"","meta":{"_et_pb_use_builder":"on","_et_pb_old_content":"","_et_gb_content_width":"","footnotes":""},"class_list":["post-618","page","type-page","status-publish","hentry"],"_links":{"self":[{"href":"https:\/\/rosademaig.com\/index.php\/wp-json\/wp\/v2\/pages\/618","targetHints":{"allow":["GET"]}}],"collection":[{"href":"https:\/\/rosademaig.com\/index.php\/wp-json\/wp\/v2\/pages"}],"about":[{"href":"https:\/\/rosademaig.com\/index.php\/wp-json\/wp\/v2\/types\/page"}],"author":[{"embeddable":true,"href":"https:\/\/rosademaig.com\/index.php\/wp-json\/wp\/v2\/users\/1"}],"replies":[{"embeddable":true,"href":"https:\/\/rosademaig.com\/index.php\/wp-json\/wp\/v2\/comments?post=618"}],"version-history":[{"count":9,"href":"https:\/\/rosademaig.com\/index.php\/wp-json\/wp\/v2\/pages\/618\/revisions"}],"predecessor-version":[{"id":639,"href":"https:\/\/rosademaig.com\/index.php\/wp-json\/wp\/v2\/pages\/618\/revisions\/639"}],"wp:attachment":[{"href":"https:\/\/rosademaig.com\/index.php\/wp-json\/wp\/v2\/media?parent=618"}],"curies":[{"name":"wp","href":"https:\/\/api.w.org\/{rel}","templated":true}]}}